{"id":40573,"date":"2023-10-06T19:25:01","date_gmt":"2023-10-06T19:25:01","guid":{"rendered":"https:\/\/serbnb.rs\/?page_id=40573"},"modified":"2023-10-07T10:25:37","modified_gmt":"2023-10-07T10:25:37","slug":"uslovi-i-odredbe","status":"publish","type":"page","link":"https:\/\/serbnb.rs\/en\/uslovi-i-odredbe\/","title":{"rendered":"Terms and conditions of use"},"content":{"rendered":"<p><em>Poslednje izmene: 19. septembar 2023.<\/em><\/p>\n\n\n\n<p>Hvala Vam \u0161to koristite Serbnb!<\/p>\n\n\n\n<p>Pro\u010ditajte i druge uslove i politike koje dopunjuju ove Uslove kao \u0161to je na\u0161a Politika privatnosti, koja opisuje na\u0161e prikupljanje i kori\u0161\u0107enje li\u010dnih podataka.<\/p>\n\n\n\n<p>Ako ste doma\u0107in\/ogla\u0161iva\u010d sme\u0161taja, odgovorni ste za razumevanje i po\u0161tovanje svih zakona, pravila, propisa i ugovora sa tre\u0107im licima koji se primenjuju na Va\u0161e usluge iznajmljivanja sme\u0161taja.<\/p>\n\n\n\n<h1 class=\"wp-block-heading\">1. Registracija naloga na Serbnb<\/h1>\n\n\n\n<p>Morate registrovati nalog da biste pristupili i koristili mnoge funkcije Serbnb-a.<\/p>\n\n\n\n<p>Registracija je dozvoljena samo za fizi\u010dka lica koja imaju 18 godina ili vi\u0161e.<\/p>\n\n\n\n<p>Morate da pru\u017eite ta\u010dne, va\u017ee\u0107e i potpune informacije tokom registracije i da odr\u017eavate informacije o svom nalogu a\u017euriranim.<\/p>\n\n\n\n<p>Ne mo\u017eete registrovati vi\u0161e od jednog naloga ili preneti svoj nalog na nekog drugog.<\/p>\n\n\n\n<p>Vi ste odgovorni za odr\u017eavanje poverljivosti i bezbednosti akreditiva Va\u0161eg naloga i ne smete da otkrijete svoje akreditive tre\u0107oj strani.<\/p>\n\n\n\n<p>Morate odmah da nas obavestite ako sumnjate da su Va\u0161i akreditivi izgubljeni, ukradeni ili je Va\u0161 nalog na neki drugi na\u010din ugro\u017een.<\/p>\n\n\n\n<p>Vi ste odgovorni za aktivnosti koje se obavljaju preko Va\u0161eg naloga, osim ako takve aktivnosti niste ovlastili.<\/p>\n\n\n\n<p>Ako i kako to dozvoljava va\u017ee\u0107i zakon, mo\u017eemo, ali nemamo obavezu da tra\u017eimo od Vas da dostavite identifikacione ili druge informacije, da preduzimamo provere osmi\u0161ljene da pomognu u verifikaciji Va\u0161eg identiteta, da Vas proveravamo u odnosu na baze podataka tre\u0107ih strana ili druge izvore.<\/p>\n\n\n\n<h1 class=\"wp-block-heading\">2. Pojmovi koji se odnose na sve \u010dlanove<\/h1>\n\n\n\n<h2 class=\"wp-block-heading\">2.1 Doma\u0107in\/iznajmljiva\u010d sme\u0161taja<\/h2>\n\n\n\n<p>Ukoliko se registrujete kao doma\u0107in\/iznajmljiva\u010d sme\u0161taja, Serbnb Vam nudi pravo da koristite na\u0161u internet stranicu kako biste podelili svoj sme\u0161taj i\/ili dodatnu uslugu u okviru iznajmljivanja sme\u0161taja sa na\u0161om zajednicom gostiju, i naravno zaradili novac rade\u0107i na tome.<\/p>\n\n\n\n<p>Lako je kreirati oglas i isklju\u010divo Vi kontroli\u0161ete na\u010din na koji predstavljate svoj objekat, pode\u0161avate cenu, dostupnost i pravila za svaki objekat pojedina\u010dno.<\/p>\n\n\n\n<h2 class=\"wp-block-heading\">2.2 Dogovor o kratkoro\u010dnom iznajmljivanju sme\u0161taja<\/h2>\n\n\n\n<p>Kada prihvatite zahtev za rezervaciju ili dobijete potvrdu rezervacije preko Serbnb, Vi sklapate dogovor direktno sa gostom i odgovorni ste za usluge kao doma\u0107in pod uslovima i po ceni navedenoj u Va\u0161em oglasu.<\/p>\n\n\n\n<h2 class=\"wp-block-heading\">2.3 Nezavisnost doma\u0107ina\/ iznajmljiva\u010da sme\u0161taja<\/h2>\n\n\n\n<p>Va\u0161 odnos sa Serbnb-em je odnos nezavisnog pojedinca, a ne zaposlenog, agenta, partnera. Mi ne usmeravamo, niti kontroli\u0161emo Va\u0161u uslugu koju nudite kao doma\u0107in i razumete da imate potpuno diskreciono pravo da li i kada da pru\u017eite usluge doma\u0107ina i po kojoj ceni i pod kojim uslovima.<\/p>\n\n\n\n<h2 class=\"wp-block-heading\">2.4. Upravljanje ogla\u0161enim objektima<\/h2>\n\n\n\n<p>Serbnb pru\u017ea alate koji Vam olak\u0161avaju postavljanje oglasa i upravljanje objektom.<\/p>\n\n\n\n<p>Va\u0161 unos mora da sadr\u017ei potpune i ta\u010dne informacije o Va\u0161oj usluzi, Va\u0161oj ceni, drugim tro\u0161kovima kao \u0161to su naknade za \u010di\u0161\u0107enje, vanmre\u017ene naknade i druge informacije o svim pravilima ili zahtevima koji se primenjuju na Va\u0161e goste ili objekat.<\/p>\n\n\n\n<p>Odgovorni ste za svoja dela i propuste, kao i za to da informacije o Va\u0161em objektu (uklju\u010duju\u0107i kalendar dostupnosti) i sadr\u017eaj (kao \u0161to su fotografije) uvek budu a\u017eurirani i ta\u010dni.<\/p>\n\n\n\n<h2 class=\"wp-block-heading\">2.5. Koje su Va\u0161e zakonske obaveze?<\/h2>\n\n\n\n<p>Vi ste odgovorni za razumevanje i po\u0161tovanje svih zakona, pravila, propisa i ugovora sa tre\u0107im licima koji se primenjuju na Va\u0161 objekat ili usluge doma\u0107ina.<\/p>\n\n\n\n<p>Na primer, pojedini vlasnici, udru\u017eenja vlasnika ku\u0107a i stambenih jedinica, ograni\u010davaju ili zabranjuju kratkoro\u010dno iznajmljivanje i\/ili dugoro\u010dne boravke. Neki gradovi imaju zoniranje ili druge zakone koji ograni\u010davaju kratkoro\u010dno iznajmljivanje stambenih objekata.<\/p>\n\n\n\n<p>Neke jurisdikcije zahtevaju od doma\u0107ina da se registruju, dobiju dozvolu ili dobiju licencu pre pru\u017eanja odre\u0111enih usluga doma\u0107ina (kao \u0161to su kratkoro\u010dno iznajmljivanje, dugoro\u010dni boravak, priprema hrane, slu\u017eenje alkohola, vo\u0111enje obilazaka ili upravljanje vozilom).<\/p>\n\n\n\n<p>Sve informacije koje pru\u017eamo u vezi sa zakonskim zahtevima su samo u informativne svrhe i trebalo bi da nezavisno potvrdite svoje obaveze. Vi ste odgovorni za rukovanje i kori\u0161\u0107enje li\u010dnih podataka gostiju u skladu sa va\u017ee\u0107im zakonima o privatnosti i ovim Uslovima, uklju\u010duju\u0107i na\u0161u Politiku privatnosti.<\/p>\n\n\n\n<h1 class=\"wp-block-heading\">3. Pretraga i rezervacija sme\u0161taja<\/h1>\n\n\n\n<h2 class=\"wp-block-heading\">3.1. Pretraga sme\u0161taja<\/h2>\n\n\n\n<p>Serbnb pru\u017ea usluge rezervacije sme\u0161taja na mre\u017ei preko svoje veb stranice, uklju\u010duju\u0107i partnerske veb stranice i dru\u0161tvene mre\u017ee.<\/p>\n\n\n\n<p>Na\u0161a zvani\u010dna internet stranica Vam omogu\u0107ava da pretra\u017eite usluge kratkoro\u010dnog iznajmljivanja sme\u0161taja koriste\u0107i kriterijume kao \u0161to su tip sme\u0161taja, odredi\u0161te putovanja, datumi putovanja i broj gostiju.<\/p>\n\n\n\n<p>Tako\u0111e, na raspolaganju su Vam filteri da biste precizirali rezultate pretrage. Rezultati pretrage su zasnovani na njihovoj relevantnosti za Va\u0161u pretragu i drugim kriterijumima.<\/p>\n\n\n\n<p>Relevantnost uzima u obzir faktore kao \u0161to su cena, dostupnost, recenzije, usluga i istorija otkazivanja, popularnost, prethodna putovanja i sa\u010duvani oglasi, zahtevi doma\u0107ina (npr. minimalni ili maksimalni broj no\u0107enja) i jo\u0161 mnogo toga.<\/p>\n\n\n\n<h2 class=\"wp-block-heading\">3.2. Rangiranje u rezultatima pretrage<\/h2>\n\n\n\n<p>Rangiranje oglasa u rezultatima pretrage na Serbnb zavisi od niza faktora, uklju\u010duju\u0107i nekoliko glavnih parametara koje \u0107emo nabrojati:<\/p>\n\n\n\n<ul class=\"wp-block-list\">\n<li>Parametri pretrage gostiju (npr. broj gostiju, vreme i trajanje putovanja, raspon cene);<\/li>\n\n\n\n<li>Karakteristike objekta (npr. cena, dostupnost, broj i kvalitet slika, recenzije, tip, status doma\u0107ina, starost oglasa, prose\u010dna popularnost kod gostiju);<\/li>\n\n\n\n<li>Iskustvo drugih gostiju (npr. istorija otkazivanja doma\u0107ina, jednostavnost rezervacije);<\/li>\n\n\n\n<li>Zahtevi doma\u0107ina (npr. minimalni ili maksimalni broj no\u0107enja, vreme prekida rezervacije);<\/li>\n\n\n\n<li>Pode\u0161avanja gostiju (npr. prethodna putovanja, sa\u010duvani oglasi, lokacija sa koje gost tra\u017ei).<\/li>\n<\/ul>\n\n\n\n<p>Serbnb mo\u017ee, a ne mora dozvoliti doma\u0107inima da promovi\u0161u svoje oglase u pretrazi ili na nekom drugom mestu na Serbnb ili nalozima na dru\u0161tvenim mre\u017eama uz dodatne naknade.<\/p>\n\n\n\n<h2 class=\"wp-block-heading\">3.3. Rezervacija sme\u0161taja<\/h2>\n\n\n\n<p>Kada rezervi\u0161ete odabrani objekat, saglasni ste da platite sve tro\u0161kove za Va\u0161u rezervaciju, uklju\u010duju\u0107i cenu iznajmljivanja, primenljive naknade kao \u0161to su gradske takse, vanmre\u017ene naknade, poreze i sve druge stavke identifikovane tokom pla\u0107anja.<\/p>\n\n\n\n<p>Kada dobijete potvrdu rezervacije, direktno se izme\u0111u Vas i doma\u0107ina formira dogovor za usluge doma\u0107ina. Pored ovih uslova, bi\u0107ete odgovorni za po\u0161tovanje svih uslova rezervacije, uklju\u010duju\u0107i, bez ograni\u010denja, politiku otkazivanja i sva druga pravila, standarde, politike ili zahteve jasno nazna\u010dene na stranici objekta.<\/p>\n\n\n\n<p>Va\u0161a je odgovornost da pro\u010ditate i razumete ova pravila, standarde, politike i zahteve pre nego \u0161to rezervi\u0161ete sme\u0161taj.<\/p>\n\n\n\n<h1 class=\"wp-block-heading\">4. Otkazivanje, povra\u0107aji i izmene rezervacije<\/h1>\n\n\n\n<h2 class=\"wp-block-heading\">4.1. Otkazivanje<\/h2>\n\n\n\n<p>Uop\u0161teno govore\u0107i, ako otka\u017eete rezervaciju, iznos koji Vam se vra\u0107a odre\u0111en je politikom otkazivanja koja se primenjuje na tu rezervaciju. Ali, u odre\u0111enim situacijama, druge politike imaju prednost i odre\u0111uju koji iznos \u0107e Vam biti vra\u0107en.<\/p>\n\n\n\n<p>Ako ne\u0161to \u0161to je van Va\u0161e kontrole zahteva da otka\u017eete rezervaciju, mo\u017eda imate pravo na delimi\u010dan ili potpuni povra\u0107aj novca. Ako doma\u0107in otka\u017ee rezervaciju, mo\u017eda \u0107ete imati pravo na popust pri ponovnoj rezervaciji ili na delimi\u010dni ili potpuni povra\u0107aj novca.<\/p>\n\n\n\n<h2 class=\"wp-block-heading\">4.2. Izmene rezervacije<\/h2>\n\n\n\n<p>Doma\u0107ini i gosti su odgovorni za sve izmene rezervacije koje pristanu da izvr\u0161e preko sistema Serbnb ili preko korisni\u010dke slu\u017ebe na\u0161e internet stranice, a u njihovo ime, i saglasni su da pla\u0107aju sve dodatne iznose, naknade ili poreze povezane sa bilo kojom modifikacijom rezervacije.<\/p>\n\n\n\n<h1 class=\"wp-block-heading\">5. Op\u0161ti uslovi<\/h1>\n\n\n\n<h2 class=\"wp-block-heading\">5.1. Pravila na Serbnb<\/h2>\n\n\n\n<p>Morate slediti pravila koja su navedena u nastavku i ne smete da navodite druge da kr\u0161e ili zaobilaze ova pravila.<\/p>\n\n\n\n<ul class=\"wp-block-list\">\n<li>Pona\u0161ajte se i tretirajte druge s po\u0161tovanjem.<\/li>\n\n\n\n<li>Nemojte lagati, la\u017eno predstavljati ne\u0161to ili nekoga, niti se pretvarati da ste neko drugi.<\/li>\n\n\n\n<li>Budite ljubazni i s po\u0161tovanjem kada komunicirate sa drugima.<\/li>\n\n\n\n<li>Nemojte diskriminisati ili uznemiravati druge.<\/li>\n<\/ul>\n\n\n\n<p>5.1.1. Prekid, suspenzija naloga i druge mere protiv korisnika (doma\u0107in ili gost)<\/p>\n\n\n\n<p>Dogovor izme\u0111u Vas i Serbnb-a koji se ogleda u ovim Uslovima ostaje na snazi sve dok Vi ili mi ne raskinemo dogovor u skladu sa ovim Uslovima.<\/p>\n\n\n\n<p>5.1.1.1. Prekid<\/p>\n\n\n\n<p>Mo\u017eete da raskinete saradnju sa nama u bilo kom trenutku slanjem e-po\u0161te i brisanjem naloga.<\/p>\n\n\n\n<p>Serbnb mo\u017ee da raskine saradnju iz bilo kog razloga tako \u0161to \u0107e Vas obavestiti najmanje 30 dana unapred putem e-po\u0161te ili koriste\u0107i bilo koju drugu kontakt informaciju koju ste dali za svoj nalog.<\/p>\n\n\n\n<p>Serbnb tako\u0111e mo\u017ee da raskine saradnju odmah i bez prethodnog obave\u0161tenja i prestane da pru\u017ea pristup internet stranici u slede\u0107im situacijama:<\/p>\n\n\n\n<ul class=\"wp-block-list\">\n<li>ako zna\u010dajno prekr\u0161ite ove Uslove;<\/li>\n\n\n\n<li>ako prekr\u0161ite va\u017ee\u0107e zakone ili;<\/li>\n\n\n\n<li>ako je neophodna za\u0161tita li\u010dne bezbednosti ili imovine Serbnb-a, \u010dlanova ili tre\u0107ih strana (na primer u slu\u010daju la\u017enog predstavljanja i pona\u0161anja \u010dlana);<\/li>\n\n\n\n<li>ako je Va\u0161 nalog neaktivan vi\u0161e od 6 meseci.<\/li>\n<\/ul>\n\n\n\n<p>5.1.1.2. Prekr\u0161aji<\/p>\n\n\n\n<p>Ako prekr\u0161ite ove Uslove, prekr\u0161ite va\u017ee\u0107e zakone, propise ili prava tre\u0107ih strana, vi\u0161e puta ste dobijali lo\u0161e recenzije ili na neki drugi na\u010din saznamo za \u017ealbe na Va\u0161 u\u010dinak ili pona\u0161anje, ako ste vi\u0161e puta otkazivali potvr\u0111ene rezervacije ili niste odgovorili na zahteve za rezervaciju bez valjanog razloga, ili ako je neophodna za\u0161tita li\u010dne bezbednosti ili imovine Serbnb-a, \u010dlanova ili tre\u0107ih strana, zadr\u017eavamo pravo da mo\u017eemo:<\/p>\n\n\n\n<ul class=\"wp-block-list\">\n<li>suspendovati ili ograni\u010diti pristup ili kori\u0161\u0107enje Va\u0161eg naloga;<\/li>\n\n\n\n<li>suspendovati ili ukloniti oglase, recenzije ili drugi sadr\u017eaj;<\/li>\n\n\n\n<li>otkazati rezervacije koje su na \u010dekanju ili koje su potvr\u0111ene;<\/li>\n\n\n\n<li>suspendovati ili opozvati svaki poseban status povezan sa Va\u0161im nalogom.<\/li>\n<\/ul>\n\n\n\n<p>U slu\u010daju nematerijalnih kr\u0161enja ili gde je druga\u010dije prikladno, dobi\u0107ete obave\u0161tenje o svim merama koje \u0107emo preduzeti kao i priliku da re\u0161ite problem, osim ako bi takvo obave\u0161tenje:<\/p>\n\n\n\n<ul class=\"wp-block-list\">\n<li>spre\u010dilo ili ometalo otkrivanje ili spre\u010davanje prevare ili drugih nezakonitih aktivnosti,<\/li>\n\n\n\n<li>\u0161tetilo legitimnim interesima drugih \u010dlanova ili tre\u0107ih strana,<\/li>\n\n\n\n<li>bilo u suprotnosti sa va\u017ee\u0107im zakonima.<\/li>\n<\/ul>\n\n\n\n<p>Kada predlo\u017eimo izmene ovih Uslova, objavi\u0107emo izmenjene Uslove na zvani\u010dnoj internet stranici i a\u017eurirati datum \u201cPoslednje a\u017euriranje\u201d na vrhu ovih Uslova.<\/p>\n\n\n\n<p>Obavesti\u0107emo Vas o predlo\u017eenim promenama putem e-po\u0161te najmanje 30 dana pre datuma kada one postanu va\u017ee\u0107e.<\/p>\n\n\n\n<p>Ako su predlo\u017eene izmene ovih Uslova materijalne, od Vas \u0107e se tra\u017eiti da izri\u010dito prihvatite revidirane Uslove. Takvo obave\u0161tenje \u0107e Vam tako\u0111e biti dostavljeno putem odabranih kanala komunikacije, uz informacije o Va\u0161em pravu da odbijete predlo\u017eene izmene, potrebnom vremenskom okviru da to u\u010dinite i Va\u0161em pravu da raskinete saradnju u bilo kom trenutku pre datuma stupanja na snagu predlo\u017eenih promena kako je predvi\u0111eno ovim Uslovima.<\/p>\n\n\n\n<h2 class=\"wp-block-heading\">5.2. Re\u0161avanje reklamacija i potra\u017eivanja \u0161tete<\/h2>\n\n\n\n<p>5.2.1. Ako \u010dlan pru\u017ei validne dokaze da ste Vi, Va\u0161 gost\/i ili Va\u0161 ljubimac\/i o\u0161tetili nekretninu ili li\u010dnu imovinu \u010dlana koji se \u017eali, on\/ona mo\u017ee obavestiti Serbnb sa zahtevom za re\u0161avanje ovakvih situacija.<\/p>\n\n\n\n<p>Bi\u0107ete obave\u0161teni o tu\u017ebi za od\u0161tetu i bi\u0107e Vam data prilika da odgovorite. Ako pristanete da platite, bi\u0107e Vam poslati detalji, kao i iznos za od\u0161tetu.<\/p>\n\n\n\n<p>5.2.2. Ako doma\u0107in i gost ne mogu da re\u0161e nastalu situaciju ili gost ne \u017eeli da plati zahtev za od\u0161tetu, doma\u0107in mo\u017ee obavestiti Serbnb preko kontakt obrasca na na\u0161oj internet stranici ili drugih kanala komunikacije.<\/p>\n\n\n\n<p>Mi \u0107emo pregledati tu\u017ebu za od\u0161tetu i zatra\u017eiti od doma\u0107ina da pru\u017ei sve potrebne dokaze (npr. putem odgovaraju\u0107ih dokumenata, fotografija, faktura ili stru\u010dnjaka tre\u0107e strane) koji potkrepljuju tu\u017ebu za od\u0161tetu i iznos zahteva za od\u0161tetu.<\/p>\n\n\n\n<p>Gost \u0107e imati priliku da odgovori i pru\u017ei sve relevantne dokaze.<\/p>\n\n\n\n<p>5.2.3. Saglasni ste da \u0107ete sara\u0111ivati u dobroj nameri, pru\u017eati sve informacije koje zahtevamo od Vas i preduzimati dalje razumne mere u vezi sa zahtevima za \u0161tetu, \u017ealbama \u010dlanova, potra\u017eivanjima po polisama osiguranja ili drugim zahtevima u vezi sa Va\u0161im pru\u017eanjem usluga doma\u0107ina.<\/p>\n\n\n\n<h2 class=\"wp-block-heading\">5.3. Sadr\u017eaj<\/h2>\n\n\n\n<p>Serbnb Vam omogu\u0107ava da objavite povratne informacije, tekst, fotografije, audio i video sadr\u017eaj, kao i drugi sadr\u017eaj.<\/p>\n\n\n\n<p>Objavljivanjem nekih od pomenutih sadr\u017eaja, u bilo kom obliku i na bilo koji na\u010din, dodeljujete nam neekskluzivnu, besplatnu licencu, u vremenu trajanja \u010dlanstva na Serbnb, za prava za pristup, kori\u0161\u0107enje, \u010duvanje, kopiranje, modifikovanje, distribuciju, objavljivanje, i na bilo koji drugi na\u010din iskori\u0161\u0107avanje takvog sadr\u017eaja za promovisanje Va\u0161eg sme\u0161taja i na\u0161e internet stranice, u bilo kom mediju ili platformi, poznatim ili nepoznatim do sada, a posebno na Internetu i dru\u0161tvenim mre\u017eama.<\/p>\n\n\n\n<p>Vi ste isklju\u010divo odgovorni za sav sadr\u017eaj koji pru\u017eate i garantujete da ga posedujete ili da ste ovla\u0161\u0107eni da nam dodelite prava opisana u ovim Uslovima. Vi ste odgovorni ako bilo koji Va\u0161 sadr\u017eaj kr\u0161i prava intelektualne svojine ili privatnosti bilo koje tre\u0107e strane.<\/p>\n\n\n\n<p>Saglasni ste da sadr\u017eaj mo\u017eemo prevesti pomo\u0107u drugih usluga ili alata. Serbnb ne garantuje ta\u010dnost ili kvalitet prevoda i \u010dlanovi su odgovorni za potvr\u0111ivanje ta\u010dnosti takvih prevoda.<\/p>\n\n\n\n<h2 class=\"wp-block-heading\">5.4. Recenzije<\/h2>\n\n\n\n<p>Nakon svake rezervacije, gosti i doma\u0107ini \u0107e imati priliku da se me\u0111usobno ocene. Va\u0161a recenzija mora biti ta\u010dna i ne sme da sadr\u017ei diskriminatorski, uvredljiv ili drugi jezik koji kr\u0161i smernice. Serbnb ne verifikuje ta\u010dnost recenzija i iste mogu biti neta\u010dne ili obmanjuju\u0107e.<\/p>\n\n\n\n<h1 class=\"wp-block-heading\">6. Koja je Va\u0161a odgovornost?<\/h1>\n\n\n\n<p>Vi ste odgovorni za svoja dela i propuste i tako\u0111e ste odgovorni za dela i propuste bilo koga koga pozovete da se pridru\u017ei u bilo kom sme\u0161taju koji rezervi\u0161ete preko Serbnb.<\/p>\n\n\n\n<p>Na primer, ovo zna\u010di da ste:<\/p>\n\n\n\n<ul class=\"wp-block-list\">\n<li>odgovorni za ostavljanje sme\u0161taja (i druge li\u010dne imovine) u stanju u kakvom je bio kada ste stigli;<\/li>\n\n\n\n<li>odgovorni za pla\u0107anje svih iznosa za od\u0161tetu neophodnih za pokrivanje \u0161tete koju ste Vi, Va\u0161i gosti ili Va\u0161i ku\u0107ni ljubimci napravili u sme\u0161taju koji ste rezervisali;<\/li>\n\n\n\n<li>u obavezi da se prema drugima odnosite sa po\u0161tovanjem i da se pridr\u017eavate va\u017ee\u0107ih zakona u svakom trenutku.<\/li>\n<\/ul>\n\n\n\n<p>Ako rezervi\u0161ete dodatnog gosta koji je maloletnik, morate biti zakonski ovla\u0161\u0107eni da delujete u ime maloletnika i isklju\u010divo ste odgovorni za nadzor maloletnog lica.<\/p>\n\n\n\n<div style=\"height:100px\" aria-hidden=\"true\" class=\"wp-block-spacer\"><\/div>","protected":false},"excerpt":{"rendered":"<p>Poslednje izmene: 19. septembar 2023. Hvala Vam \u0161to koristite Serbnb! Pro\u010ditajte i druge uslove i politike koje dopunjuju ove Uslove kao \u0161to je na\u0161a Politika privatnosti, koja opisuje na\u0161e prikupljanje i kori\u0161\u0107enje li\u010dnih podataka. Ako ste doma\u0107in\/ogla\u0161iva\u010d sme\u0161taja, odgovorni ste za razumevanje i po\u0161tovanje svih zakona, pravila, propisa i ugovora sa tre\u0107im licima koji se &#8230;<\/p>","protected":false},"author":1,"featured_media":0,"parent":0,"menu_order":0,"comment_status":"closed","ping_status":"closed","template":"gdpr_terms.php","meta":{"inline_featured_image":false,"_uag_custom_page_level_css":"","footnotes":""},"class_list":["post-40573","page","type-page","status-publish","hentry"],"yoast_head":"<!-- This site is optimized with the Yoast SEO plugin v26.9 - https:\/\/yoast.com\/product\/yoast-seo-wordpress\/ -->\n<title>Uslovi i odredbe kori\u0161\u0107enja - Serbnb<\/title>\n<meta name=\"robots\" content=\"index, follow, max-snippet:-1, max-image-preview:large, max-video-preview:-1\" \/>\n<link rel=\"canonical\" href=\"https:\/\/serbnb.rs\/en\/uslovi-i-odredbe\/\" \/>\n<meta property=\"og:locale\" content=\"en_US\" \/>\n<meta property=\"og:type\" content=\"article\" \/>\n<meta property=\"og:title\" content=\"Uslovi i odredbe kori\u0161\u0107enja - Serbnb\" \/>\n<meta property=\"og:description\" content=\"Poslednje izmene: 19. septembar 2023. Hvala Vam \u0161to koristite Serbnb! Pro\u010ditajte i druge uslove i politike koje dopunjuju ove Uslove kao \u0161to je na\u0161a Politika privatnosti, koja opisuje na\u0161e prikupljanje i kori\u0161\u0107enje li\u010dnih podataka. Ako ste doma\u0107in\/ogla\u0161iva\u010d sme\u0161taja, odgovorni ste za razumevanje i po\u0161tovanje svih zakona, pravila, propisa i ugovora sa tre\u0107im licima koji se ...\" \/>\n<meta property=\"og:url\" content=\"https:\/\/serbnb.rs\/en\/uslovi-i-odredbe\/\" \/>\n<meta property=\"og:site_name\" content=\"Serbnb\" \/>\n<meta property=\"article:modified_time\" content=\"2023-10-07T10:25:37+00:00\" \/>\n<meta name=\"twitter:card\" content=\"summary_large_image\" \/>\n<meta name=\"twitter:label1\" content=\"Est. reading time\" \/>\n\t<meta name=\"twitter:data1\" content=\"12 minutes\" \/>\n<script type=\"application\/ld+json\" class=\"yoast-schema-graph\">{\"@context\":\"https:\/\/schema.org\",\"@graph\":[{\"@type\":\"WebPage\",\"@id\":\"https:\/\/serbnb.rs\/uslovi-i-odredbe\/\",\"url\":\"https:\/\/serbnb.rs\/uslovi-i-odredbe\/\",\"name\":\"Uslovi i odredbe kori\u0161\u0107enja - Serbnb\",\"isPartOf\":{\"@id\":\"https:\/\/serbnb.rs\/#website\"},\"datePublished\":\"2023-10-06T19:25:01+00:00\",\"dateModified\":\"2023-10-07T10:25:37+00:00\",\"breadcrumb\":{\"@id\":\"https:\/\/serbnb.rs\/uslovi-i-odredbe\/#breadcrumb\"},\"inLanguage\":\"en-US\",\"potentialAction\":[{\"@type\":\"ReadAction\",\"target\":[\"https:\/\/serbnb.rs\/uslovi-i-odredbe\/\"]}]},{\"@type\":\"BreadcrumbList\",\"@id\":\"https:\/\/serbnb.rs\/uslovi-i-odredbe\/#breadcrumb\",\"itemListElement\":[{\"@type\":\"ListItem\",\"position\":1,\"name\":\"Po\u010detna\",\"item\":\"https:\/\/serbnb.rs\/\"},{\"@type\":\"ListItem\",\"position\":2,\"name\":\"Uslovi i odredbe kori\u0161\u0107enja\"}]},{\"@type\":\"WebSite\",\"@id\":\"https:\/\/serbnb.rs\/#website\",\"url\":\"https:\/\/serbnb.rs\/\",\"name\":\"Serbnb\",\"description\":\"Find it, book it, enjoy it!\",\"potentialAction\":[{\"@type\":\"SearchAction\",\"target\":{\"@type\":\"EntryPoint\",\"urlTemplate\":\"https:\/\/serbnb.rs\/?s={search_term_string}\"},\"query-input\":{\"@type\":\"PropertyValueSpecification\",\"valueRequired\":true,\"valueName\":\"search_term_string\"}}],\"inLanguage\":\"en-US\"}]}<\/script>\n<!-- \/ Yoast SEO plugin. -->","yoast_head_json":{"title":"Uslovi i odredbe kori\u0161\u0107enja - Serbnb","robots":{"index":"index","follow":"follow","max-snippet":"max-snippet:-1","max-image-preview":"max-image-preview:large","max-video-preview":"max-video-preview:-1"},"canonical":"https:\/\/serbnb.rs\/en\/uslovi-i-odredbe\/","og_locale":"en_US","og_type":"article","og_title":"Uslovi i odredbe kori\u0161\u0107enja - Serbnb","og_description":"Poslednje izmene: 19. septembar 2023. Hvala Vam \u0161to koristite Serbnb! Pro\u010ditajte i druge uslove i politike koje dopunjuju ove Uslove kao \u0161to je na\u0161a Politika privatnosti, koja opisuje na\u0161e prikupljanje i kori\u0161\u0107enje li\u010dnih podataka. Ako ste doma\u0107in\/ogla\u0161iva\u010d sme\u0161taja, odgovorni ste za razumevanje i po\u0161tovanje svih zakona, pravila, propisa i ugovora sa tre\u0107im licima koji se ...","og_url":"https:\/\/serbnb.rs\/en\/uslovi-i-odredbe\/","og_site_name":"Serbnb","article_modified_time":"2023-10-07T10:25:37+00:00","twitter_card":"summary_large_image","twitter_misc":{"Est. reading time":"12 minutes"},"schema":{"@context":"https:\/\/schema.org","@graph":[{"@type":"WebPage","@id":"https:\/\/serbnb.rs\/uslovi-i-odredbe\/","url":"https:\/\/serbnb.rs\/uslovi-i-odredbe\/","name":"Uslovi i odredbe kori\u0161\u0107enja - Serbnb","isPartOf":{"@id":"https:\/\/serbnb.rs\/#website"},"datePublished":"2023-10-06T19:25:01+00:00","dateModified":"2023-10-07T10:25:37+00:00","breadcrumb":{"@id":"https:\/\/serbnb.rs\/uslovi-i-odredbe\/#breadcrumb"},"inLanguage":"en-US","potentialAction":[{"@type":"ReadAction","target":["https:\/\/serbnb.rs\/uslovi-i-odredbe\/"]}]},{"@type":"BreadcrumbList","@id":"https:\/\/serbnb.rs\/uslovi-i-odredbe\/#breadcrumb","itemListElement":[{"@type":"ListItem","position":1,"name":"Po\u010detna","item":"https:\/\/serbnb.rs\/"},{"@type":"ListItem","position":2,"name":"Uslovi i odredbe kori\u0161\u0107enja"}]},{"@type":"WebSite","@id":"https:\/\/serbnb.rs\/#website","url":"https:\/\/serbnb.rs\/","name":"Serbnb","description":"Find it, book it, enjoy it!","potentialAction":[{"@type":"SearchAction","target":{"@type":"EntryPoint","urlTemplate":"https:\/\/serbnb.rs\/?s={search_term_string}"},"query-input":{"@type":"PropertyValueSpecification","valueRequired":true,"valueName":"search_term_string"}}],"inLanguage":"en-US"}]}},"uagb_featured_image_src":{"full":false,"thumbnail":false,"medium":false,"medium_large":false,"large":false,"1536x1536":false,"2048x2048":false,"trp-custom-language-flag":false,"post-thumbnail":false,"wpestate_blog_unit":false,"wpestate_blog_unit2":false,"wpestate_slider_thumb":false,"wpestate_property_listings":false,"wpestate_property_featured":false,"wpestate_property_listings_page":false,"wpestate_property_places":false,"wpestate_property_full_map":false,"wpestate_user_thumb":false},"uagb_author_info":{"display_name":"Joker","author_link":"https:\/\/serbnb.rs\/en\/author\/joker\/"},"uagb_comment_info":0,"uagb_excerpt":"Poslednje izmene: 19. septembar 2023. Hvala Vam \u0161to koristite Serbnb! Pro\u010ditajte i druge uslove i politike koje dopunjuju ove Uslove kao \u0161to je na\u0161a Politika privatnosti, koja opisuje na\u0161e prikupljanje i kori\u0161\u0107enje li\u010dnih podataka. Ako ste doma\u0107in\/ogla\u0161iva\u010d sme\u0161taja, odgovorni ste za razumevanje i po\u0161tovanje svih zakona, pravila, propisa i ugovora sa tre\u0107im licima koji se&hellip;","_links":{"self":[{"href":"https:\/\/serbnb.rs\/en\/wp-json\/wp\/v2\/pages\/40573","targetHints":{"allow":["GET"]}}],"collection":[{"href":"https:\/\/serbnb.rs\/en\/wp-json\/wp\/v2\/pages"}],"about":[{"href":"https:\/\/serbnb.rs\/en\/wp-json\/wp\/v2\/types\/page"}],"author":[{"embeddable":true,"href":"https:\/\/serbnb.rs\/en\/wp-json\/wp\/v2\/users\/1"}],"replies":[{"embeddable":true,"href":"https:\/\/serbnb.rs\/en\/wp-json\/wp\/v2\/comments?post=40573"}],"version-history":[{"count":2,"href":"https:\/\/serbnb.rs\/en\/wp-json\/wp\/v2\/pages\/40573\/revisions"}],"predecessor-version":[{"id":40583,"href":"https:\/\/serbnb.rs\/en\/wp-json\/wp\/v2\/pages\/40573\/revisions\/40583"}],"wp:attachment":[{"href":"https:\/\/serbnb.rs\/en\/wp-json\/wp\/v2\/media?parent=40573"}],"curies":[{"name":"wp","href":"https:\/\/api.w.org\/{rel}","templated":true}]}}