{"id":40867,"date":"2023-11-03T17:13:25","date_gmt":"2023-11-03T15:13:25","guid":{"rendered":"https:\/\/serbnb.rs\/?page_id=40867"},"modified":"2024-01-02T15:04:14","modified_gmt":"2024-01-02T13:04:14","slug":"smestaj-u-vrnjackoj-banji","status":"publish","type":"page","link":"https:\/\/serbnb.rs\/en\/smestaj-u-vrnjackoj-banji\/","title":{"rendered":"Accommodation in Vrnja\u010dka Banja"},"content":{"rendered":"","protected":false},"excerpt":{"rendered":"","protected":false},"author":1,"featured_media":40393,"parent":0,"menu_order":0,"comment_status":"closed","ping_status":"closed","template":"property_list.php","meta":{"inline_featured_image":false,"_uag_custom_page_level_css":"","footnotes":""},"class_list":["post-40867","page","type-page","status-publish","has-post-thumbnail","hentry"],"yoast_head":"<!-- This site is optimized with the Yoast SEO plugin v26.9 - https:\/\/yoast.com\/product\/yoast-seo-wordpress\/ -->\n<title>Sme\u0161taj u Vrnja\u010dkoj Banji - Serbnb<\/title>\n<meta name=\"description\" content=\"Pogledajte najbolju ponudu razli\u010ditih sme\u0161taja, apartmana, vila, sme\u0161taja sa vau\u010derima, u na\u0161oj najlep\u0161oj banji, u Vrnja\u010dkoj Banji!\" \/>\n<meta name=\"robots\" content=\"index, follow, max-snippet:-1, max-image-preview:large, max-video-preview:-1\" \/>\n<link rel=\"canonical\" href=\"https:\/\/serbnb.rs\/en\/smestaj-u-vrnjackoj-banji\/\" \/>\n<meta property=\"og:locale\" content=\"en_US\" \/>\n<meta property=\"og:type\" content=\"article\" \/>\n<meta property=\"og:title\" content=\"Sme\u0161taj u Vrnja\u010dkoj Banji - Serbnb\" \/>\n<meta property=\"og:description\" content=\"Pogledajte najbolju ponudu razli\u010ditih sme\u0161taja, apartmana, vila, sme\u0161taja sa vau\u010derima, u na\u0161oj najlep\u0161oj banji, u Vrnja\u010dkoj Banji!\" \/>\n<meta property=\"og:url\" content=\"https:\/\/serbnb.rs\/en\/smestaj-u-vrnjackoj-banji\/\" \/>\n<meta property=\"og:site_name\" content=\"Serbnb\" \/>\n<meta property=\"article:modified_time\" content=\"2024-01-02T13:04:14+00:00\" \/>\n<meta property=\"og:image\" content=\"https:\/\/serbnb.rs\/wp-content\/uploads\/2023\/09\/vrnjacka-banja-featured.jpg\" \/>\n\t<meta property=\"og:image:width\" content=\"1758\" \/>\n\t<meta property=\"og:image:height\" content=\"704\" \/>\n\t<meta property=\"og:image:type\" content=\"image\/jpeg\" \/>\n<meta name=\"twitter:card\" content=\"summary_large_image\" \/>\n<meta name=\"twitter:label1\" content=\"Est. reading time\" \/>\n\t<meta name=\"twitter:data1\" content=\"1 minute\" \/>\n<script type=\"application\/ld+json\" class=\"yoast-schema-graph\">{\"@context\":\"https:\/\/schema.org\",\"@graph\":[{\"@type\":\"WebPage\",\"@id\":\"https:\/\/serbnb.rs\/smestaj-u-vrnjackoj-banji\/\",\"url\":\"https:\/\/serbnb.rs\/smestaj-u-vrnjackoj-banji\/\",\"name\":\"Sme\u0161taj u Vrnja\u010dkoj Banji - Serbnb\",\"isPartOf\":{\"@id\":\"https:\/\/serbnb.rs\/#website\"},\"primaryImageOfPage\":{\"@id\":\"https:\/\/serbnb.rs\/smestaj-u-vrnjackoj-banji\/#primaryimage\"},\"image\":{\"@id\":\"https:\/\/serbnb.rs\/smestaj-u-vrnjackoj-banji\/#primaryimage\"},\"thumbnailUrl\":\"https:\/\/serbnb.rs\/wp-content\/uploads\/2023\/09\/vrnjacka-banja-featured.jpg\",\"datePublished\":\"2023-11-03T15:13:25+00:00\",\"dateModified\":\"2024-01-02T13:04:14+00:00\",\"description\":\"Pogledajte najbolju ponudu razli\u010ditih sme\u0161taja, apartmana, vila, sme\u0161taja sa vau\u010derima, u na\u0161oj najlep\u0161oj banji, u Vrnja\u010dkoj Banji!\",\"breadcrumb\":{\"@id\":\"https:\/\/serbnb.rs\/smestaj-u-vrnjackoj-banji\/#breadcrumb\"},\"inLanguage\":\"en-US\",\"potentialAction\":[{\"@type\":\"ReadAction\",\"target\":[\"https:\/\/serbnb.rs\/smestaj-u-vrnjackoj-banji\/\"]}]},{\"@type\":\"ImageObject\",\"inLanguage\":\"en-US\",\"@id\":\"https:\/\/serbnb.rs\/smestaj-u-vrnjackoj-banji\/#primaryimage\",\"url\":\"https:\/\/serbnb.rs\/wp-content\/uploads\/2023\/09\/vrnjacka-banja-featured.jpg\",\"contentUrl\":\"https:\/\/serbnb.rs\/wp-content\/uploads\/2023\/09\/vrnjacka-banja-featured.jpg\",\"width\":1758,\"height\":704,\"caption\":\"Prona\u0111ite najbolji sme\u0161taj u Vrnja\u010dkoj Banji! Apartmani, vikendice, brvnare, vile, ku\u0107e i drugi odabrani sme\u0161taji u Vrnja\u010dkoj Banji.\"},{\"@type\":\"BreadcrumbList\",\"@id\":\"https:\/\/serbnb.rs\/smestaj-u-vrnjackoj-banji\/#breadcrumb\",\"itemListElement\":[{\"@type\":\"ListItem\",\"position\":1,\"name\":\"Po\u010detna\",\"item\":\"https:\/\/serbnb.rs\/\"},{\"@type\":\"ListItem\",\"position\":2,\"name\":\"Sme\u0161taj u Vrnja\u010dkoj Banji\"}]},{\"@type\":\"WebSite\",\"@id\":\"https:\/\/serbnb.rs\/#website\",\"url\":\"https:\/\/serbnb.rs\/\",\"name\":\"Serbnb\",\"description\":\"Find it, book it, enjoy it!\",\"potentialAction\":[{\"@type\":\"SearchAction\",\"target\":{\"@type\":\"EntryPoint\",\"urlTemplate\":\"https:\/\/serbnb.rs\/?s={search_term_string}\"},\"query-input\":{\"@type\":\"PropertyValueSpecification\",\"valueRequired\":true,\"valueName\":\"search_term_string\"}}],\"inLanguage\":\"en-US\"}]}<\/script>\n<!-- \/ Yoast SEO plugin. -->","yoast_head_json":{"title":"Sme\u0161taj u Vrnja\u010dkoj Banji - Serbnb","description":"Pogledajte najbolju ponudu razli\u010ditih sme\u0161taja, apartmana, vila, sme\u0161taja sa vau\u010derima, u na\u0161oj najlep\u0161oj banji, u Vrnja\u010dkoj Banji!","robots":{"index":"index","follow":"follow","max-snippet":"max-snippet:-1","max-image-preview":"max-image-preview:large","max-video-preview":"max-video-preview:-1"},"canonical":"https:\/\/serbnb.rs\/en\/smestaj-u-vrnjackoj-banji\/","og_locale":"en_US","og_type":"article","og_title":"Sme\u0161taj u Vrnja\u010dkoj Banji - Serbnb","og_description":"Pogledajte najbolju ponudu razli\u010ditih sme\u0161taja, apartmana, vila, sme\u0161taja sa vau\u010derima, u na\u0161oj najlep\u0161oj banji, u Vrnja\u010dkoj Banji!","og_url":"https:\/\/serbnb.rs\/en\/smestaj-u-vrnjackoj-banji\/","og_site_name":"Serbnb","article_modified_time":"2024-01-02T13:04:14+00:00","og_image":[{"width":1758,"height":704,"url":"https:\/\/serbnb.rs\/wp-content\/uploads\/2023\/09\/vrnjacka-banja-featured.jpg","type":"image\/jpeg"}],"twitter_card":"summary_large_image","twitter_misc":{"Est. reading time":"1 minute"},"schema":{"@context":"https:\/\/schema.org","@graph":[{"@type":"WebPage","@id":"https:\/\/serbnb.rs\/smestaj-u-vrnjackoj-banji\/","url":"https:\/\/serbnb.rs\/smestaj-u-vrnjackoj-banji\/","name":"Sme\u0161taj u Vrnja\u010dkoj Banji - Serbnb","isPartOf":{"@id":"https:\/\/serbnb.rs\/#website"},"primaryImageOfPage":{"@id":"https:\/\/serbnb.rs\/smestaj-u-vrnjackoj-banji\/#primaryimage"},"image":{"@id":"https:\/\/serbnb.rs\/smestaj-u-vrnjackoj-banji\/#primaryimage"},"thumbnailUrl":"https:\/\/serbnb.rs\/wp-content\/uploads\/2023\/09\/vrnjacka-banja-featured.jpg","datePublished":"2023-11-03T15:13:25+00:00","dateModified":"2024-01-02T13:04:14+00:00","description":"Pogledajte najbolju ponudu razli\u010ditih sme\u0161taja, apartmana, vila, sme\u0161taja sa vau\u010derima, u na\u0161oj najlep\u0161oj banji, u Vrnja\u010dkoj Banji!","breadcrumb":{"@id":"https:\/\/serbnb.rs\/smestaj-u-vrnjackoj-banji\/#breadcrumb"},"inLanguage":"en-US","potentialAction":[{"@type":"ReadAction","target":["https:\/\/serbnb.rs\/smestaj-u-vrnjackoj-banji\/"]}]},{"@type":"ImageObject","inLanguage":"en-US","@id":"https:\/\/serbnb.rs\/smestaj-u-vrnjackoj-banji\/#primaryimage","url":"https:\/\/serbnb.rs\/wp-content\/uploads\/2023\/09\/vrnjacka-banja-featured.jpg","contentUrl":"https:\/\/serbnb.rs\/wp-content\/uploads\/2023\/09\/vrnjacka-banja-featured.jpg","width":1758,"height":704,"caption":"Prona\u0111ite najbolji sme\u0161taj u Vrnja\u010dkoj Banji! Apartmani, vikendice, brvnare, vile, ku\u0107e i drugi odabrani sme\u0161taji u Vrnja\u010dkoj Banji."},{"@type":"BreadcrumbList","@id":"https:\/\/serbnb.rs\/smestaj-u-vrnjackoj-banji\/#breadcrumb","itemListElement":[{"@type":"ListItem","position":1,"name":"Po\u010detna","item":"https:\/\/serbnb.rs\/"},{"@type":"ListItem","position":2,"name":"Sme\u0161taj u Vrnja\u010dkoj Banji"}]},{"@type":"WebSite","@id":"https:\/\/serbnb.rs\/#website","url":"https:\/\/serbnb.rs\/","name":"Serbnb","description":"Find it, book it, enjoy it!","potentialAction":[{"@type":"SearchAction","target":{"@type":"EntryPoint","urlTemplate":"https:\/\/serbnb.rs\/?s={search_term_string}"},"query-input":{"@type":"PropertyValueSpecification","valueRequired":true,"valueName":"search_term_string"}}],"inLanguage":"en-US"}]}},"uagb_featured_image_src":{"full":["https:\/\/serbnb.rs\/wp-content\/uploads\/2023\/09\/vrnjacka-banja-featured.jpg",1758,704,false],"thumbnail":["https:\/\/serbnb.rs\/wp-content\/uploads\/2023\/09\/vrnjacka-banja-featured-150x150.jpg",150,150,true],"medium":["https:\/\/serbnb.rs\/wp-content\/uploads\/2023\/09\/vrnjacka-banja-featured-300x120.jpg",300,120,true],"medium_large":["https:\/\/serbnb.rs\/wp-content\/uploads\/2023\/09\/vrnjacka-banja-featured-768x308.jpg",768,308,true],"large":["https:\/\/serbnb.rs\/wp-content\/uploads\/2023\/09\/vrnjacka-banja-featured-1024x410.jpg",1024,410,true],"1536x1536":["https:\/\/serbnb.rs\/wp-content\/uploads\/2023\/09\/vrnjacka-banja-featured-1536x615.jpg",1536,615,true],"2048x2048":["https:\/\/serbnb.rs\/wp-content\/uploads\/2023\/09\/vrnjacka-banja-featured.jpg",1758,704,false],"trp-custom-language-flag":["https:\/\/serbnb.rs\/wp-content\/uploads\/2023\/09\/vrnjacka-banja-featured.jpg",18,7,false],"post-thumbnail":["https:\/\/serbnb.rs\/wp-content\/uploads\/2023\/09\/vrnjacka-banja-featured-250x220.jpg",250,220,true],"wpestate_blog_unit":["https:\/\/serbnb.rs\/wp-content\/uploads\/2023\/09\/vrnjacka-banja-featured-400x242.jpg",400,242,true],"wpestate_blog_unit2":["https:\/\/serbnb.rs\/wp-content\/uploads\/2023\/09\/vrnjacka-banja-featured-805x453.jpg",805,453,true],"wpestate_slider_thumb":["https:\/\/serbnb.rs\/wp-content\/uploads\/2023\/09\/vrnjacka-banja-featured-143x83.jpg",143,83,true],"wpestate_property_listings":["https:\/\/serbnb.rs\/wp-content\/uploads\/2023\/09\/vrnjacka-banja-featured-400x314.jpg",400,314,true],"wpestate_property_featured":["https:\/\/serbnb.rs\/wp-content\/uploads\/2023\/09\/vrnjacka-banja-featured-1170x704.jpg",1170,704,true],"wpestate_property_listings_page":["https:\/\/serbnb.rs\/wp-content\/uploads\/2023\/09\/vrnjacka-banja-featured-240x160.jpg",240,160,true],"wpestate_property_places":["https:\/\/serbnb.rs\/wp-content\/uploads\/2023\/09\/vrnjacka-banja-featured-600x456.jpg",600,456,true],"wpestate_property_full_map":["https:\/\/serbnb.rs\/wp-content\/uploads\/2023\/09\/vrnjacka-banja-featured.jpg",1758,704,false],"wpestate_user_thumb":["https:\/\/serbnb.rs\/wp-content\/uploads\/2023\/09\/vrnjacka-banja-featured-60x60.jpg",60,60,true]},"uagb_author_info":{"display_name":"Joker","author_link":"https:\/\/serbnb.rs\/en\/author\/joker\/"},"uagb_comment_info":0,"uagb_excerpt":null,"_links":{"self":[{"href":"https:\/\/serbnb.rs\/en\/wp-json\/wp\/v2\/pages\/40867","targetHints":{"allow":["GET"]}}],"collection":[{"href":"https:\/\/serbnb.rs\/en\/wp-json\/wp\/v2\/pages"}],"about":[{"href":"https:\/\/serbnb.rs\/en\/wp-json\/wp\/v2\/types\/page"}],"author":[{"embeddable":true,"href":"https:\/\/serbnb.rs\/en\/wp-json\/wp\/v2\/users\/1"}],"replies":[{"embeddable":true,"href":"https:\/\/serbnb.rs\/en\/wp-json\/wp\/v2\/comments?post=40867"}],"version-history":[{"count":5,"href":"https:\/\/serbnb.rs\/en\/wp-json\/wp\/v2\/pages\/40867\/revisions"}],"predecessor-version":[{"id":41559,"href":"https:\/\/serbnb.rs\/en\/wp-json\/wp\/v2\/pages\/40867\/revisions\/41559"}],"wp:featuredmedia":[{"embeddable":true,"href":"https:\/\/serbnb.rs\/en\/wp-json\/wp\/v2\/media\/40393"}],"wp:attachment":[{"href":"https:\/\/serbnb.rs\/en\/wp-json\/wp\/v2\/media?parent=40867"}],"curies":[{"name":"wp","href":"https:\/\/api.w.org\/{rel}","templated":true}]}}