{"id":41123,"date":"2023-11-03T17:13:29","date_gmt":"2023-11-03T15:13:29","guid":{"rendered":"https:\/\/serbnb.rs\/?page_id=41123"},"modified":"2024-02-14T19:50:21","modified_gmt":"2024-02-14T17:50:21","slug":"smestaj-zlatibor","status":"publish","type":"page","link":"https:\/\/serbnb.rs\/en\/smestaj-zlatibor\/","title":{"rendered":"Sme\u0161taj Zlatibor"},"content":{"rendered":"","protected":false},"excerpt":{"rendered":"","protected":false},"author":1,"featured_media":40395,"parent":0,"menu_order":0,"comment_status":"closed","ping_status":"closed","template":"property_list.php","meta":{"inline_featured_image":false,"_uag_custom_page_level_css":"","footnotes":""},"class_list":["post-41123","page","type-page","status-publish","has-post-thumbnail","hentry"],"yoast_head":"<!-- This site is optimized with the Yoast SEO plugin v26.9 - https:\/\/yoast.com\/product\/yoast-seo-wordpress\/ -->\n<title>Sme\u0161taj Zlatibor - Serbnb<\/title>\n<meta name=\"description\" content=\"Tra\u017eite apartmane na Zlatiboru? Pogledajte najbolju ponudu razli\u010ditih sme\u0161taja, apartmana, vila, sme\u0161taja sa vau\u010derima, i drugih odabranih sme\u0161taja na Zlatiboru.\" \/>\n<meta name=\"robots\" content=\"index, follow, max-snippet:-1, max-image-preview:large, max-video-preview:-1\" \/>\n<link rel=\"canonical\" href=\"https:\/\/serbnb.rs\/en\/smestaj-zlatibor\/\" \/>\n<meta property=\"og:locale\" content=\"en_US\" \/>\n<meta property=\"og:type\" content=\"article\" \/>\n<meta property=\"og:title\" content=\"Sme\u0161taj Zlatibor - Serbnb\" \/>\n<meta property=\"og:description\" content=\"Tra\u017eite apartmane na Zlatiboru? Pogledajte najbolju ponudu razli\u010ditih sme\u0161taja, apartmana, vila, sme\u0161taja sa vau\u010derima, i drugih odabranih sme\u0161taja na Zlatiboru.\" \/>\n<meta property=\"og:url\" content=\"https:\/\/serbnb.rs\/en\/smestaj-zlatibor\/\" \/>\n<meta property=\"og:site_name\" content=\"Serbnb\" \/>\n<meta property=\"article:modified_time\" content=\"2024-02-14T17:50:21+00:00\" \/>\n<meta property=\"og:image\" content=\"https:\/\/serbnb.rs\/wp-content\/uploads\/2023\/09\/zlatibor-featured.png\" \/>\n\t<meta property=\"og:image:width\" content=\"1080\" \/>\n\t<meta property=\"og:image:height\" content=\"698\" \/>\n\t<meta property=\"og:image:type\" content=\"image\/png\" \/>\n<meta name=\"twitter:card\" content=\"summary_large_image\" \/>\n<meta name=\"twitter:label1\" content=\"Est. reading time\" \/>\n\t<meta name=\"twitter:data1\" content=\"1 minute\" \/>\n<script type=\"application\/ld+json\" class=\"yoast-schema-graph\">{\"@context\":\"https:\/\/schema.org\",\"@graph\":[{\"@type\":\"WebPage\",\"@id\":\"https:\/\/serbnb.rs\/smestaj-zlatibor\/\",\"url\":\"https:\/\/serbnb.rs\/smestaj-zlatibor\/\",\"name\":\"Sme\u0161taj Zlatibor - Serbnb\",\"isPartOf\":{\"@id\":\"https:\/\/serbnb.rs\/#website\"},\"primaryImageOfPage\":{\"@id\":\"https:\/\/serbnb.rs\/smestaj-zlatibor\/#primaryimage\"},\"image\":{\"@id\":\"https:\/\/serbnb.rs\/smestaj-zlatibor\/#primaryimage\"},\"thumbnailUrl\":\"https:\/\/serbnb.rs\/wp-content\/uploads\/2023\/09\/zlatibor-featured.png\",\"datePublished\":\"2023-11-03T15:13:29+00:00\",\"dateModified\":\"2024-02-14T17:50:21+00:00\",\"description\":\"Tra\u017eite apartmane na Zlatiboru? Pogledajte najbolju ponudu razli\u010ditih sme\u0161taja, apartmana, vila, sme\u0161taja sa vau\u010derima, i drugih odabranih sme\u0161taja na Zlatiboru.\",\"breadcrumb\":{\"@id\":\"https:\/\/serbnb.rs\/smestaj-zlatibor\/#breadcrumb\"},\"inLanguage\":\"en-US\",\"potentialAction\":[{\"@type\":\"ReadAction\",\"target\":[\"https:\/\/serbnb.rs\/smestaj-zlatibor\/\"]}]},{\"@type\":\"ImageObject\",\"inLanguage\":\"en-US\",\"@id\":\"https:\/\/serbnb.rs\/smestaj-zlatibor\/#primaryimage\",\"url\":\"https:\/\/serbnb.rs\/wp-content\/uploads\/2023\/09\/zlatibor-featured.png\",\"contentUrl\":\"https:\/\/serbnb.rs\/wp-content\/uploads\/2023\/09\/zlatibor-featured.png\",\"width\":1080,\"height\":698,\"caption\":\"Prona\u0111ite najbolji sme\u0161taj na Zlatiboru! Apartmani, vikendice, brvnare, vile, ku\u0107e i drugi odabrani sme\u0161taji na Zlatiboru.\"},{\"@type\":\"BreadcrumbList\",\"@id\":\"https:\/\/serbnb.rs\/smestaj-zlatibor\/#breadcrumb\",\"itemListElement\":[{\"@type\":\"ListItem\",\"position\":1,\"name\":\"Po\u010detna\",\"item\":\"https:\/\/serbnb.rs\/\"},{\"@type\":\"ListItem\",\"position\":2,\"name\":\"Sme\u0161taj Zlatibor\"}]},{\"@type\":\"WebSite\",\"@id\":\"https:\/\/serbnb.rs\/#website\",\"url\":\"https:\/\/serbnb.rs\/\",\"name\":\"Serbnb\",\"description\":\"Find it, book it, enjoy it!\",\"potentialAction\":[{\"@type\":\"SearchAction\",\"target\":{\"@type\":\"EntryPoint\",\"urlTemplate\":\"https:\/\/serbnb.rs\/?s={search_term_string}\"},\"query-input\":{\"@type\":\"PropertyValueSpecification\",\"valueRequired\":true,\"valueName\":\"search_term_string\"}}],\"inLanguage\":\"en-US\"}]}<\/script>\n<!-- \/ Yoast SEO plugin. -->","yoast_head_json":{"title":"Sme\u0161taj Zlatibor - Serbnb","description":"Tra\u017eite apartmane na Zlatiboru? Pogledajte najbolju ponudu razli\u010ditih sme\u0161taja, apartmana, vila, sme\u0161taja sa vau\u010derima, i drugih odabranih sme\u0161taja na Zlatiboru.","robots":{"index":"index","follow":"follow","max-snippet":"max-snippet:-1","max-image-preview":"max-image-preview:large","max-video-preview":"max-video-preview:-1"},"canonical":"https:\/\/serbnb.rs\/en\/smestaj-zlatibor\/","og_locale":"en_US","og_type":"article","og_title":"Sme\u0161taj Zlatibor - Serbnb","og_description":"Tra\u017eite apartmane na Zlatiboru? Pogledajte najbolju ponudu razli\u010ditih sme\u0161taja, apartmana, vila, sme\u0161taja sa vau\u010derima, i drugih odabranih sme\u0161taja na Zlatiboru.","og_url":"https:\/\/serbnb.rs\/en\/smestaj-zlatibor\/","og_site_name":"Serbnb","article_modified_time":"2024-02-14T17:50:21+00:00","og_image":[{"width":1080,"height":698,"url":"https:\/\/serbnb.rs\/wp-content\/uploads\/2023\/09\/zlatibor-featured.png","type":"image\/png"}],"twitter_card":"summary_large_image","twitter_misc":{"Est. reading time":"1 minute"},"schema":{"@context":"https:\/\/schema.org","@graph":[{"@type":"WebPage","@id":"https:\/\/serbnb.rs\/smestaj-zlatibor\/","url":"https:\/\/serbnb.rs\/smestaj-zlatibor\/","name":"Sme\u0161taj Zlatibor - Serbnb","isPartOf":{"@id":"https:\/\/serbnb.rs\/#website"},"primaryImageOfPage":{"@id":"https:\/\/serbnb.rs\/smestaj-zlatibor\/#primaryimage"},"image":{"@id":"https:\/\/serbnb.rs\/smestaj-zlatibor\/#primaryimage"},"thumbnailUrl":"https:\/\/serbnb.rs\/wp-content\/uploads\/2023\/09\/zlatibor-featured.png","datePublished":"2023-11-03T15:13:29+00:00","dateModified":"2024-02-14T17:50:21+00:00","description":"Tra\u017eite apartmane na Zlatiboru? Pogledajte najbolju ponudu razli\u010ditih sme\u0161taja, apartmana, vila, sme\u0161taja sa vau\u010derima, i drugih odabranih sme\u0161taja na Zlatiboru.","breadcrumb":{"@id":"https:\/\/serbnb.rs\/smestaj-zlatibor\/#breadcrumb"},"inLanguage":"en-US","potentialAction":[{"@type":"ReadAction","target":["https:\/\/serbnb.rs\/smestaj-zlatibor\/"]}]},{"@type":"ImageObject","inLanguage":"en-US","@id":"https:\/\/serbnb.rs\/smestaj-zlatibor\/#primaryimage","url":"https:\/\/serbnb.rs\/wp-content\/uploads\/2023\/09\/zlatibor-featured.png","contentUrl":"https:\/\/serbnb.rs\/wp-content\/uploads\/2023\/09\/zlatibor-featured.png","width":1080,"height":698,"caption":"Prona\u0111ite najbolji sme\u0161taj na Zlatiboru! Apartmani, vikendice, brvnare, vile, ku\u0107e i drugi odabrani sme\u0161taji na Zlatiboru."},{"@type":"BreadcrumbList","@id":"https:\/\/serbnb.rs\/smestaj-zlatibor\/#breadcrumb","itemListElement":[{"@type":"ListItem","position":1,"name":"Po\u010detna","item":"https:\/\/serbnb.rs\/"},{"@type":"ListItem","position":2,"name":"Sme\u0161taj Zlatibor"}]},{"@type":"WebSite","@id":"https:\/\/serbnb.rs\/#website","url":"https:\/\/serbnb.rs\/","name":"Serbnb","description":"Find it, book it, enjoy it!","potentialAction":[{"@type":"SearchAction","target":{"@type":"EntryPoint","urlTemplate":"https:\/\/serbnb.rs\/?s={search_term_string}"},"query-input":{"@type":"PropertyValueSpecification","valueRequired":true,"valueName":"search_term_string"}}],"inLanguage":"en-US"}]}},"uagb_featured_image_src":{"full":["https:\/\/serbnb.rs\/wp-content\/uploads\/2023\/09\/zlatibor-featured.png",1080,698,false],"thumbnail":["https:\/\/serbnb.rs\/wp-content\/uploads\/2023\/09\/zlatibor-featured-150x150.png",150,150,true],"medium":["https:\/\/serbnb.rs\/wp-content\/uploads\/2023\/09\/zlatibor-featured-300x194.png",300,194,true],"medium_large":["https:\/\/serbnb.rs\/wp-content\/uploads\/2023\/09\/zlatibor-featured-768x496.png",768,496,true],"large":["https:\/\/serbnb.rs\/wp-content\/uploads\/2023\/09\/zlatibor-featured-1024x662.png",1024,662,true],"1536x1536":["https:\/\/serbnb.rs\/wp-content\/uploads\/2023\/09\/zlatibor-featured.png",1080,698,false],"2048x2048":["https:\/\/serbnb.rs\/wp-content\/uploads\/2023\/09\/zlatibor-featured.png",1080,698,false],"trp-custom-language-flag":["https:\/\/serbnb.rs\/wp-content\/uploads\/2023\/09\/zlatibor-featured.png",18,12,false],"post-thumbnail":["https:\/\/serbnb.rs\/wp-content\/uploads\/2023\/09\/zlatibor-featured-250x220.png",250,220,true],"wpestate_blog_unit":["https:\/\/serbnb.rs\/wp-content\/uploads\/2023\/09\/zlatibor-featured-400x242.png",400,242,true],"wpestate_blog_unit2":["https:\/\/serbnb.rs\/wp-content\/uploads\/2023\/09\/zlatibor-featured-805x453.png",805,453,true],"wpestate_slider_thumb":["https:\/\/serbnb.rs\/wp-content\/uploads\/2023\/09\/zlatibor-featured-143x83.png",143,83,true],"wpestate_property_listings":["https:\/\/serbnb.rs\/wp-content\/uploads\/2023\/09\/zlatibor-featured-400x314.png",400,314,true],"wpestate_property_featured":["https:\/\/serbnb.rs\/wp-content\/uploads\/2023\/09\/zlatibor-featured.png",1080,698,false],"wpestate_property_listings_page":["https:\/\/serbnb.rs\/wp-content\/uploads\/2023\/09\/zlatibor-featured-240x160.png",240,160,true],"wpestate_property_places":["https:\/\/serbnb.rs\/wp-content\/uploads\/2023\/09\/zlatibor-featured-600x456.png",600,456,true],"wpestate_property_full_map":["https:\/\/serbnb.rs\/wp-content\/uploads\/2023\/09\/zlatibor-featured.png",1080,698,false],"wpestate_user_thumb":["https:\/\/serbnb.rs\/wp-content\/uploads\/2023\/09\/zlatibor-featured-60x60.png",60,60,true]},"uagb_author_info":{"display_name":"Joker","author_link":"https:\/\/serbnb.rs\/en\/author\/joker\/"},"uagb_comment_info":0,"uagb_excerpt":null,"_links":{"self":[{"href":"https:\/\/serbnb.rs\/en\/wp-json\/wp\/v2\/pages\/41123","targetHints":{"allow":["GET"]}}],"collection":[{"href":"https:\/\/serbnb.rs\/en\/wp-json\/wp\/v2\/pages"}],"about":[{"href":"https:\/\/serbnb.rs\/en\/wp-json\/wp\/v2\/types\/page"}],"author":[{"embeddable":true,"href":"https:\/\/serbnb.rs\/en\/wp-json\/wp\/v2\/users\/1"}],"replies":[{"embeddable":true,"href":"https:\/\/serbnb.rs\/en\/wp-json\/wp\/v2\/comments?post=41123"}],"version-history":[{"count":3,"href":"https:\/\/serbnb.rs\/en\/wp-json\/wp\/v2\/pages\/41123\/revisions"}],"predecessor-version":[{"id":42393,"href":"https:\/\/serbnb.rs\/en\/wp-json\/wp\/v2\/pages\/41123\/revisions\/42393"}],"wp:featuredmedia":[{"embeddable":true,"href":"https:\/\/serbnb.rs\/en\/wp-json\/wp\/v2\/media\/40395"}],"wp:attachment":[{"href":"https:\/\/serbnb.rs\/en\/wp-json\/wp\/v2\/media?parent=41123"}],"curies":[{"name":"wp","href":"https:\/\/api.w.org\/{rel}","templated":true}]}}